{"id":941,"date":"2019-11-29T16:20:34","date_gmt":"2019-11-29T21:20:34","guid":{"rendered":"https:\/\/smdpi.com\/projects\/?page_id=941"},"modified":"2025-11-13T20:14:49","modified_gmt":"2025-11-14T01:14:49","slug":"social-media","status":"publish","type":"page","link":"https:\/\/smdpi.com\/proyectos\/social-media\/","title":{"rendered":"SOCIAL MEDIA"},"content":{"rendered":"<div id=\"pl-941\"  class=\"panel-layout\" ><div id=\"pg-941-0\"  class=\"panel-grid panel-has-style\" ><div class=\"siteorigin-panels-stretch panel-row-style panel-row-style-for-941-0\" data-stretch-type=\"full-width-stretch\" ><div id=\"pgc-941-0-0\"  class=\"panel-grid-cell\" ><div id=\"panel-941-0-0-0\" class=\"so-panel widget widget_sow-hero panel-first-child panel-last-child\" data-index=\"0\" ><div\n\t\t\t\n\t\t\tclass=\"so-widget-sow-hero so-widget-sow-hero-default-ede7de3ded75-941 so-widget-fittext-wrapper\"\n\t\t\t\n\t\t>\t\t\t\t<div class=\"sow-slider-base\" style=\"display: none\" tabindex=\"0\">\n\t\t\t\t\t<ul\n\t\t\t\t\tclass=\"sow-slider-images\"\n\t\t\t\t\tdata-settings=\"{&quot;pagination&quot;:true,&quot;speed&quot;:800,&quot;timeout&quot;:8000,&quot;paused&quot;:false,&quot;pause_on_hover&quot;:false,&quot;swipe&quot;:true,&quot;nav_always_show_desktop&quot;:&quot;&quot;,&quot;nav_always_show_mobile&quot;:&quot;&quot;,&quot;breakpoint&quot;:&quot;780px&quot;,&quot;unmute&quot;:false,&quot;anchor&quot;:null}\"\n\t\t\t\t\tstyle=\"min-height: 550px\"\t\t\t\t\tdata-anchor-id=\"\"\n\t\t\t\t>\t\t<li class=\"sow-slider-image  sow-slider-image-cover\" style=\"visibility: visible;;background-color: #000000\" >\n\t\t\t\t\t<div class=\"sow-slider-image-container\">\n\t\t\t<div class=\"sow-slider-image-wrapper\">\n\t\t\t\t<h1 style=\"text-align: center\">SOCIAL MEDIA<\/h1>\n<p style=\"text-align: center\">Elaboramos dise\u00f1os coherentes para fortalecer y facilitar el reconocimiento.<\/p>\n\t\t\t<\/div>\n\t\t<\/div>\n\t\t<div class=\"sow-slider-image-overlay sow-slider-image-cover\" style=\"opacity: 0.5;background-image: url(https:\/\/smdpi.com\/proyectos\/wp-content\/uploads\/2023\/12\/social-network.jpg)\"  ><\/div>\t\t<\/li>\n\t\t<\/ul>\t\t\t\t<ol class=\"sow-slider-pagination\">\n\t\t\t\t\t\t\t\t\t\t\t<li><a href=\"#\" data-goto=\"0\" aria-label=\"Display slide 1\"><\/a><\/li>\n\t\t\t\t\t\t\t\t\t<\/ol>\n\n\t\t\t\t<div class=\"sow-slide-nav sow-slide-nav-next\">\n\t\t\t\t\t<a href=\"#\" data-goto=\"next\" aria-label=\"Next slide\" data-action=\"next\">\n\t\t\t\t\t\t<em class=\"sow-sld-icon-thin-right\"><\/em>\n\t\t\t\t\t<\/a>\n\t\t\t\t<\/div>\n\n\t\t\t\t<div class=\"sow-slide-nav sow-slide-nav-prev\">\n\t\t\t\t\t<a href=\"#\" data-goto=\"previous\" aria-label=\"Previous slide\" data-action=\"prev\">\n\t\t\t\t\t\t<em class=\"sow-sld-icon-thin-left\"><\/em>\n\t\t\t\t\t<\/a>\n\t\t\t\t<\/div>\n\t\t\t\t<\/div><\/div><\/div><\/div><\/div><\/div><div id=\"pg-941-1\"  class=\"panel-grid panel-has-style panel-has-overlay\" ><div class=\"siteorigin-panels-stretch panel-row-style panel-row-style-for-941-1\" data-stretch-type=\"full\" >\t\t\t\t<div\n\t\t\t\t\tclass=\"panel-background-overlay\"\n\t\t\t\t\t\t\t\t\t\t\tstyle=\"background-image:url(https:\/\/smdpi.com\/proyectos\/wp-content\/uploads\/2023\/12\/fotos-personas.jpg);background-position:center center;background-size:cover;opacity:0.30;\"\n\t\t\t\t\t\t\t\t\t>\n\t\t\t\t\t\t\t\t\t<\/div>\n\t\t\t\t<div id=\"pgc-941-1-0\"  class=\"panel-grid-cell\" ><div id=\"panel-941-1-0-0\" class=\"so-panel widget widget_sow-editor panel-first-child panel-last-child\" data-index=\"1\" ><div\n\t\t\t\n\t\t\tclass=\"so-widget-sow-editor so-widget-sow-editor-base\"\n\t\t\t\n\t\t>\n<div class=\"siteorigin-widget-tinymce textwidget\">\n\t<h1 style=\"text-align: center;\">Genere m\u00e1s visibilidad e interacci\u00f3n de manera efectiva y atractiva.<\/h1>\n<\/div>\n<\/div><\/div><\/div><\/div><\/div><div id=\"pg-941-2\"  class=\"panel-grid panel-has-style\" ><div class=\"panel-row-style panel-row-style-for-941-2\" ><div id=\"pgc-941-2-0\"  class=\"panel-grid-cell\" ><div id=\"panel-941-2-0-0\" class=\"so-panel widget widget_sow-editor panel-first-child panel-last-child\" data-index=\"2\" ><div\n\t\t\t\n\t\t\tclass=\"so-widget-sow-editor so-widget-sow-editor-base\"\n\t\t\t\n\t\t>\n<div class=\"siteorigin-widget-tinymce textwidget\">\n\t<p><strong>Publicaciones promocionales:<\/strong><\/p>\n<p>Im\u00e1genes y videos que promocionan productos o servicios.<\/p>\n<p><strong>Contenido informativo:<\/strong><\/p>\n<p>Infograf\u00edas que resumen datos de forma visual.<\/p>\n<p>&nbsp;<\/p>\n<\/div>\n<\/div><\/div><\/div><div id=\"pgc-941-2-1\"  class=\"panel-grid-cell\" ><div id=\"panel-941-2-1-0\" class=\"so-panel widget widget_sow-editor panel-first-child panel-last-child\" data-index=\"3\" ><div\n\t\t\t\n\t\t\tclass=\"so-widget-sow-editor so-widget-sow-editor-base\"\n\t\t\t\n\t\t>\n<div class=\"siteorigin-widget-tinymce textwidget\">\n\t<p><strong>Im\u00e1genes de perfil y portadas:<\/strong><\/p>\n<p>Dise\u00f1os que reflejen la identidad de la marca o el perfil personal.<\/p>\n<p><strong>Stories y Reels:<\/strong><\/p>\n<p>Creaci\u00f3n de contenido visual atractivo para estas plataformas.<\/p>\n<\/div>\n<\/div><\/div><\/div><\/div><\/div><div id=\"pg-941-3\"  class=\"panel-grid panel-has-style\" ><div class=\"panel-row-style panel-row-style-for-941-3\" ><div id=\"pgc-941-3-0\"  class=\"panel-grid-cell\" ><div id=\"panel-941-3-0-0\" class=\"so-panel widget widget_sow-image panel-first-child panel-last-child\" data-index=\"4\" ><div\n\t\t\t\n\t\t\tclass=\"so-widget-sow-image so-widget-sow-image-default-8b5b6f678277-941\"\n\t\t\t\n\t\t>\n<div class=\"sow-image-container\">\n\t\t<img \n\tsrc=\"https:\/\/smdpi.com\/proyectos\/wp-content\/uploads\/2023\/12\/social-480x300.jpg\" width=\"480\" height=\"300\" sizes=\"(max-width: 480px) 100vw, 480px\" alt=\"\" \t\tclass=\"so-widget-image\"\/>\n\t<\/div>\n\n<\/div><\/div><\/div><div id=\"pgc-941-3-1\"  class=\"panel-grid-cell\" ><div id=\"panel-941-3-1-0\" class=\"so-panel widget widget_sow-editor panel-first-child panel-last-child\" data-index=\"5\" ><div\n\t\t\t\n\t\t\tclass=\"so-widget-sow-editor so-widget-sow-editor-base\"\n\t\t\t\n\t\t>\n<div class=\"siteorigin-widget-tinymce textwidget\">\n\t<h1>Dise\u00f1o y creaci\u00f3n de contenido visual<\/h1>\n<p>Elaboraci\u00f3n de im\u00e1genes, videos, infograf\u00edas y otros elementos gr\u00e1ficos que complementen el texto de las publicaciones.<\/p>\n<\/div>\n<\/div><\/div><\/div><\/div><\/div><div id=\"pg-941-4\"  class=\"panel-grid panel-has-style\" ><div class=\"siteorigin-panels-stretch panel-row-style panel-row-style-for-941-4\" data-stretch-type=\"full\" ><div id=\"pgc-941-4-0\"  class=\"panel-grid-cell\" ><div id=\"panel-941-4-0-0\" class=\"so-panel widget widget_sow-editor panel-first-child panel-last-child\" data-index=\"6\" ><div\n\t\t\t\n\t\t\tclass=\"so-widget-sow-editor so-widget-sow-editor-base\"\n\t\t\t\n\t\t>\n<div class=\"siteorigin-widget-tinymce textwidget\">\n\t<h1 style=\"text-align: center;\">Consideraciones est\u00e9ticas, adaptaci\u00f3n a las plataformas, consistencia visual, impacto visual.<\/h1>\n<\/div>\n<\/div><\/div><\/div><\/div><\/div><div id=\"pg-941-5\"  class=\"panel-grid panel-has-style\" ><div class=\"panel-row-style panel-row-style-for-941-5\" ><div id=\"pgc-941-5-0\"  class=\"panel-grid-cell\" ><div id=\"panel-941-5-0-0\" class=\"so-panel widget widget_sow-editor panel-first-child panel-last-child\" data-index=\"7\" ><div\n\t\t\t\n\t\t\tclass=\"so-widget-sow-editor so-widget-sow-editor-base\"\n\t\t\t\n\t\t>\n<div class=\"siteorigin-widget-tinymce textwidget\">\n\t<h1>Comunity management<\/h1>\n<p>Construcci\u00f3n, Gesti\u00f3n y Administraci\u00f3n de comunidades online.<\/p>\n<p>Creaci\u00f3n, compartici\u00f3n y discusi\u00f3n de contenido entre usuarios, redes sociales, blogs, foros, plataformas de geolocalizaci\u00f3n y multimedia, entre otros.<\/p>\n<\/div>\n<\/div><\/div><\/div><div id=\"pgc-941-5-1\"  class=\"panel-grid-cell\" ><div id=\"panel-941-5-1-0\" class=\"so-panel widget widget_sow-image panel-first-child panel-last-child\" data-index=\"8\" ><div\n\t\t\t\n\t\t\tclass=\"so-widget-sow-image so-widget-sow-image-default-8b5b6f678277-941\"\n\t\t\t\n\t\t>\n<div class=\"sow-image-container\">\n\t\t<img \n\tsrc=\"https:\/\/smdpi.com\/proyectos\/wp-content\/uploads\/2023\/07\/about-015.jpg\" width=\"300\" height=\"300\" srcset=\"https:\/\/smdpi.com\/proyectos\/wp-content\/uploads\/2023\/07\/about-015.jpg 300w, https:\/\/smdpi.com\/proyectos\/wp-content\/uploads\/2023\/07\/about-015-150x150.jpg 150w\" sizes=\"(max-width: 300px) 100vw, 300px\" alt=\"\" \t\tclass=\"so-widget-image\"\/>\n\t<\/div>\n\n<\/div><\/div><\/div><\/div><\/div><div id=\"pg-941-6\"  class=\"panel-grid panel-has-style panel-has-overlay\" ><div class=\"siteorigin-panels-stretch panel-row-style panel-row-style-for-941-6\" data-stretch-type=\"full\" >\t\t\t\t<div\n\t\t\t\t\tclass=\"panel-background-overlay\"\n\t\t\t\t\t\t\t\t\t\t\tstyle=\"background-image:url(https:\/\/smdpi.com\/proyectos\/wp-content\/uploads\/2024\/07\/social-media.jpg);background-position:center center;background-size:cover;opacity:0.30;\"\n\t\t\t\t\t\t\t\t\t>\n\t\t\t\t\t\t\t\t\t<\/div>\n\t\t\t\t<div id=\"pgc-941-6-0\"  class=\"panel-grid-cell\" ><div id=\"panel-941-6-0-0\" class=\"so-panel widget widget_sow-editor panel-first-child panel-last-child\" data-index=\"9\" ><div\n\t\t\t\n\t\t\tclass=\"so-widget-sow-editor so-widget-sow-editor-base\"\n\t\t\t\n\t\t>\n<div class=\"siteorigin-widget-tinymce textwidget\">\n\t<h1 style=\"text-align: center;\">Elaboramos elementos visuales atractivos y efectivos para las publicaciones en plataformas.<\/h1>\n<\/div>\n<\/div><\/div><\/div><\/div><\/div><div id=\"pg-941-7\"  class=\"panel-grid panel-has-style\" ><div class=\"siteorigin-panels-stretch panel-row-style panel-row-style-for-941-7\" data-stretch-type=\"full\" ><div id=\"pgc-941-7-0\"  class=\"panel-grid-cell\" ><div id=\"panel-941-7-0-0\" class=\"so-panel widget widget_sow-editor panel-first-child panel-last-child\" data-index=\"10\" ><div\n\t\t\t\n\t\t\tclass=\"so-widget-sow-editor so-widget-sow-editor-base\"\n\t\t\t\n\t\t>\n<div class=\"siteorigin-widget-tinymce textwidget\">\n\t<h1 style=\"text-align: center;\">Youtube, linkedIn, instagram, facebook, whatsapp, twitter, pinterest, twitch, tumblr, entre otras.<\/h1>\n<\/div>\n<\/div><\/div><\/div><\/div><\/div><div id=\"pg-941-8\"  class=\"panel-grid panel-has-style\" ><div class=\"siteorigin-panels-stretch panel-row-style panel-row-style-for-941-8\" data-stretch-type=\"full\" ><div id=\"pgc-941-8-0\"  class=\"panel-grid-cell\" ><div id=\"panel-941-8-0-0\" class=\"so-panel widget widget_sow-cta panel-first-child panel-last-child\" data-index=\"11\" ><div\n\t\t\t\n\t\t\tclass=\"so-widget-sow-cta so-widget-sow-cta-default-8c41a329fcb8-941\"\n\t\t\t\n\t\t><div\n\tclass=\"sow-cta-base\"\n\t>\n\t\n\t<div class=\"sow-cta-wrapper\">\n\n\t\t<div class=\"sow-cta-text\">\n\t\t\t\t\t\t\t<h1 class=\"sow-cta-title\">\n\t\t\t\t\t\u00bfNecesitas un dise\u00f1o para redes?\t\t\t\t<\/h1>\n\t\t\t\n\t\t\t\t\t<\/div>\n\n\t\t<div\n\t\t\t\n\t\t\tclass=\"so-widget-sow-button so-widget-sow-button-flat-d1066b42d0d3\"\n\t\t\t\n\t\t><div class=\"ow-button-base ow-button-align-center\"\n>\n\t\t\t<a\n\t\t\t\t\thref=\"https:\/\/smdpi.com\/proyectos\/contactenos\/\"\n\t\t\t\t\tclass=\"sowb-button ow-icon-placement-left ow-button-hover\" \t>\n\t\t<span>\n\t\t\t\n\t\t\tCont\u00e1ctanos\t\t<\/span>\n\t\t\t<\/a>\n\t<\/div>\n<\/div>\n\t<\/div>\n\n\t<\/div>\n<\/div><\/div><\/div><\/div><\/div><\/div>","protected":false},"excerpt":{"rendered":"<p>Genere m\u00e1s visibilidad e interacci\u00f3n de manera efectiva y atractiva.<\/p>\n","protected":false},"author":1,"featured_media":0,"parent":0,"menu_order":0,"comment_status":"closed","ping_status":"closed","template":"","meta":{"footnotes":""},"class_list":["post-941","page","type-page","status-publish","hentry"],"_links":{"self":[{"href":"https:\/\/smdpi.com\/proyectos\/wp-json\/wp\/v2\/pages\/941","targetHints":{"allow":["GET"]}}],"collection":[{"href":"https:\/\/smdpi.com\/proyectos\/wp-json\/wp\/v2\/pages"}],"about":[{"href":"https:\/\/smdpi.com\/proyectos\/wp-json\/wp\/v2\/types\/page"}],"author":[{"embeddable":true,"href":"https:\/\/smdpi.com\/proyectos\/wp-json\/wp\/v2\/users\/1"}],"replies":[{"embeddable":true,"href":"https:\/\/smdpi.com\/proyectos\/wp-json\/wp\/v2\/comments?post=941"}],"version-history":[{"count":0,"href":"https:\/\/smdpi.com\/proyectos\/wp-json\/wp\/v2\/pages\/941\/revisions"}],"wp:attachment":[{"href":"https:\/\/smdpi.com\/proyectos\/wp-json\/wp\/v2\/media?parent=941"}],"curies":[{"name":"wp","href":"https:\/\/api.w.org\/{rel}","templated":true}]}}