{"id":595,"date":"2019-08-12T08:13:47","date_gmt":"2019-08-12T08:13:47","guid":{"rendered":"https:\/\/smdpi.com\/projects\/?page_id=595"},"modified":"2025-11-15T00:10:46","modified_gmt":"2025-11-15T05:10:46","slug":"paginas-web","status":"publish","type":"page","link":"https:\/\/smdpi.com\/proyectos\/paginas-web\/","title":{"rendered":"P\u00c1GINAS WEB"},"content":{"rendered":"<div id=\"pl-595\"  class=\"panel-layout\" ><div id=\"pg-595-0\"  class=\"panel-grid panel-has-style\" ><div class=\"siteorigin-panels-stretch panel-row-style panel-row-style-for-595-0\" data-stretch-type=\"full-width-stretch\" ><div id=\"pgc-595-0-0\"  class=\"panel-grid-cell\" ><div id=\"panel-595-0-0-0\" class=\"so-panel widget widget_sow-hero panel-first-child panel-last-child\" data-index=\"0\" ><div\n\t\t\t\n\t\t\tclass=\"so-widget-sow-hero so-widget-sow-hero-default-ede7de3ded75-595 so-widget-fittext-wrapper\"\n\t\t\t\n\t\t>\t\t\t\t<div class=\"sow-slider-base\" style=\"display: none\" tabindex=\"0\">\n\t\t\t\t\t<ul\n\t\t\t\t\tclass=\"sow-slider-images\"\n\t\t\t\t\tdata-settings=\"{&quot;pagination&quot;:true,&quot;speed&quot;:800,&quot;timeout&quot;:8000,&quot;paused&quot;:false,&quot;pause_on_hover&quot;:false,&quot;swipe&quot;:true,&quot;nav_always_show_desktop&quot;:&quot;&quot;,&quot;nav_always_show_mobile&quot;:&quot;&quot;,&quot;breakpoint&quot;:&quot;780px&quot;,&quot;unmute&quot;:false,&quot;anchor&quot;:null}\"\n\t\t\t\t\tstyle=\"min-height: 550px\"\t\t\t\t\tdata-anchor-id=\"\"\n\t\t\t\t>\t\t<li class=\"sow-slider-image  sow-slider-image-cover\" style=\"visibility: visible;;background-color: #000000\" >\n\t\t\t\t\t<div class=\"sow-slider-image-container\">\n\t\t\t<div class=\"sow-slider-image-wrapper\">\n\t\t\t\t<h1 style=\"text-align: center\">P\u00c1GINAS WEB<\/h1>\n<p style=\"text-align: center\">Elaboramos sitios modernos, est\u00e9ticos, optimizados para diferentes dispositivos.<\/p>\n\t\t\t<\/div>\n\t\t<\/div>\n\t\t<div class=\"sow-slider-image-overlay sow-slider-image-cover\" style=\"opacity: 0.5;background-image: url(https:\/\/smdpi.com\/proyectos\/wp-content\/uploads\/2019\/08\/paginas-web.jpg)\"  ><\/div>\t\t<\/li>\n\t\t<\/ul>\t\t\t\t<ol class=\"sow-slider-pagination\">\n\t\t\t\t\t\t\t\t\t\t\t<li><a href=\"#\" data-goto=\"0\" aria-label=\"Display slide 1\"><\/a><\/li>\n\t\t\t\t\t\t\t\t\t<\/ol>\n\n\t\t\t\t<div class=\"sow-slide-nav sow-slide-nav-next\">\n\t\t\t\t\t<a href=\"#\" data-goto=\"next\" aria-label=\"Next slide\" data-action=\"next\">\n\t\t\t\t\t\t<em class=\"sow-sld-icon-thin-right\"><\/em>\n\t\t\t\t\t<\/a>\n\t\t\t\t<\/div>\n\n\t\t\t\t<div class=\"sow-slide-nav sow-slide-nav-prev\">\n\t\t\t\t\t<a href=\"#\" data-goto=\"previous\" aria-label=\"Previous slide\" data-action=\"prev\">\n\t\t\t\t\t\t<em class=\"sow-sld-icon-thin-left\"><\/em>\n\t\t\t\t\t<\/a>\n\t\t\t\t<\/div>\n\t\t\t\t<\/div><\/div><\/div><\/div><\/div><\/div><div id=\"pg-595-1\"  class=\"panel-grid panel-has-style panel-has-overlay\" ><div class=\"siteorigin-panels-stretch panel-row-style panel-row-style-for-595-1\" data-stretch-type=\"full\" >\t\t\t\t<div\n\t\t\t\t\tclass=\"panel-background-overlay\"\n\t\t\t\t\t\t\t\t\t\t\tstyle=\"background-image:url(https:\/\/smdpi.com\/proyectos\/wp-content\/uploads\/2019\/08\/bg-diseno-web.jpg);background-position:center center;background-size:cover;opacity:0.16;\"\n\t\t\t\t\t\t\t\t\t>\n\t\t\t\t\t\t\t\t\t<\/div>\n\t\t\t\t<div id=\"pgc-595-1-0\"  class=\"panel-grid-cell\" ><div id=\"panel-595-1-0-0\" class=\"so-panel widget widget_sow-editor panel-first-child panel-last-child\" data-index=\"1\" ><div\n\t\t\t\n\t\t\tclass=\"so-widget-sow-editor so-widget-sow-editor-base\"\n\t\t\t\n\t\t>\n<div class=\"siteorigin-widget-tinymce textwidget\">\n\t<h1 style=\"text-align: center;\">Promocione productos y servicios, facilite la comunicaci\u00f3n con clientes y construya una marca s\u00f3lida.<\/h1>\n<\/div>\n<\/div><\/div><\/div><\/div><\/div><div id=\"pg-595-2\"  class=\"panel-grid panel-has-style\" ><div class=\"panel-row-style panel-row-style-for-595-2\" ><div id=\"pgc-595-2-0\"  class=\"panel-grid-cell\" ><div id=\"panel-595-2-0-0\" class=\"so-panel widget widget_sow-editor panel-first-child panel-last-child\" data-index=\"2\" ><div\n\t\t\t\n\t\t\tclass=\"so-widget-sow-editor so-widget-sow-editor-base\"\n\t\t\t\n\t\t>\n<div class=\"siteorigin-widget-tinymce textwidget\">\n\t<p><strong>Dise\u00f1o de la interfaz:<\/strong><br \/>\nEstructura, organizaci\u00f3n y apariencia visual.<\/p>\n<p><strong>Experiencia del usuario (UX):<\/strong><br \/>\nNavegaci\u00f3n, facilidad de uso y satisfacci\u00f3n del usuario.<\/p>\n<p><strong>Usabilidad:<\/strong><br \/>\nFacilidad para encontrar la informaci\u00f3n que necesita.<\/p>\n<\/div>\n<\/div><\/div><\/div><div id=\"pgc-595-2-1\"  class=\"panel-grid-cell\" ><div id=\"panel-595-2-1-0\" class=\"so-panel widget widget_sow-editor panel-first-child panel-last-child\" data-index=\"3\" ><div\n\t\t\t\n\t\t\tclass=\"so-widget-sow-editor so-widget-sow-editor-base\"\n\t\t\t\n\t\t>\n<div class=\"siteorigin-widget-tinymce textwidget\">\n\t<p><strong>Accesibilidad:<\/strong><br \/>\nAplicaci\u00f3n de gu\u00edas de accesibilidad web.<\/p>\n<p><strong>Optimizaci\u00f3n para dispositivos m\u00f3viles:<\/strong><br \/>\nOrdenadores, tel\u00e9fonos inteligentes y tabletas.<\/p>\n<p><strong>Optimizaci\u00f3n para motores de b\u00fasqueda (SEO):<\/strong><br \/>\nMejorar la visibilidad y tr\u00e1fico.<\/p>\n<\/div>\n<\/div><\/div><\/div><\/div><\/div><div id=\"pg-595-3\"  class=\"panel-grid panel-has-style\" ><div class=\"panel-row-style panel-row-style-for-595-3\" ><div id=\"pgc-595-3-0\"  class=\"panel-grid-cell\" ><div id=\"panel-595-3-0-0\" class=\"so-panel widget widget_sow-image panel-first-child panel-last-child\" data-index=\"4\" ><div\n\t\t\t\n\t\t\tclass=\"so-widget-sow-image so-widget-sow-image-default-8b5b6f678277-595\"\n\t\t\t\n\t\t>\n<div class=\"sow-image-container\">\n\t\t<img \n\tsrc=\"https:\/\/smdpi.com\/proyectos\/wp-content\/uploads\/2025\/03\/corp1-480x300.jpg\" width=\"480\" height=\"300\" srcset=\"https:\/\/smdpi.com\/proyectos\/wp-content\/uploads\/2025\/03\/corp1-480x300.jpg 480w, https:\/\/smdpi.com\/proyectos\/wp-content\/uploads\/2025\/03\/corp1-300x188.jpg 300w, https:\/\/smdpi.com\/proyectos\/wp-content\/uploads\/2025\/03\/corp1-768x480.jpg 768w, https:\/\/smdpi.com\/proyectos\/wp-content\/uploads\/2025\/03\/corp1-640x400.jpg 640w, https:\/\/smdpi.com\/proyectos\/wp-content\/uploads\/2025\/03\/corp1.jpg 960w\" sizes=\"(max-width: 480px) 100vw, 480px\" alt=\"\" \t\tclass=\"so-widget-image\"\/>\n\t<\/div>\n\n<\/div><\/div><\/div><div id=\"pgc-595-3-1\"  class=\"panel-grid-cell\" ><div id=\"panel-595-3-1-0\" class=\"so-panel widget widget_sow-editor panel-first-child panel-last-child\" data-index=\"5\" ><div\n\t\t\t\n\t\t\tclass=\"so-widget-sow-editor so-widget-sow-editor-base\"\n\t\t\t\n\t\t>\n<div class=\"siteorigin-widget-tinymce textwidget\">\n\t<h1>Sitios web Corporativos<\/h1>\n<p>Ofrecen informaci\u00f3n de inter\u00e9s, crean una identidad de marca en l\u00ednea.<\/p>\n<\/div>\n<\/div><\/div><\/div><\/div><\/div><div id=\"pg-595-4\"  class=\"panel-grid panel-has-style\" ><div class=\"panel-row-style panel-row-style-for-595-4\" ><div id=\"pgc-595-4-0\"  class=\"panel-grid-cell\" ><div id=\"panel-595-4-0-0\" class=\"so-panel widget widget_sow-editor panel-first-child panel-last-child\" data-index=\"6\" ><div\n\t\t\t\n\t\t\tclass=\"so-widget-sow-editor so-widget-sow-editor-base\"\n\t\t\t\n\t\t>\n<div class=\"siteorigin-widget-tinymce textwidget\">\n\t<h1>Sitios web Cat\u00e1logo virtual<\/h1>\n<p>Portafolios para mostrar informaci\u00f3n organizada, productos y servicios a los consumidores.<\/p>\n<\/div>\n<\/div><\/div><\/div><div id=\"pgc-595-4-1\"  class=\"panel-grid-cell\" ><div id=\"panel-595-4-1-0\" class=\"so-panel widget widget_sow-image panel-first-child panel-last-child\" data-index=\"7\" ><div\n\t\t\t\n\t\t\tclass=\"so-widget-sow-image so-widget-sow-image-default-8b5b6f678277-595\"\n\t\t\t\n\t\t>\n<div class=\"sow-image-container\">\n\t\t<img \n\tsrc=\"https:\/\/smdpi.com\/proyectos\/wp-content\/uploads\/2025\/03\/catvr-480x300.jpg\" width=\"480\" height=\"300\" srcset=\"https:\/\/smdpi.com\/proyectos\/wp-content\/uploads\/2025\/03\/catvr-480x300.jpg 480w, https:\/\/smdpi.com\/proyectos\/wp-content\/uploads\/2025\/03\/catvr-300x188.jpg 300w, https:\/\/smdpi.com\/proyectos\/wp-content\/uploads\/2025\/03\/catvr-768x480.jpg 768w, https:\/\/smdpi.com\/proyectos\/wp-content\/uploads\/2025\/03\/catvr-640x400.jpg 640w, https:\/\/smdpi.com\/proyectos\/wp-content\/uploads\/2025\/03\/catvr.jpg 960w\" sizes=\"(max-width: 480px) 100vw, 480px\" alt=\"\" \t\tclass=\"so-widget-image\"\/>\n\t<\/div>\n\n<\/div><\/div><\/div><\/div><\/div><div id=\"pg-595-5\"  class=\"panel-grid panel-has-style\" ><div class=\"panel-row-style panel-row-style-for-595-5\" ><div id=\"pgc-595-5-0\"  class=\"panel-grid-cell\" ><div id=\"panel-595-5-0-0\" class=\"so-panel widget widget_sow-image panel-first-child panel-last-child\" data-index=\"8\" ><div\n\t\t\t\n\t\t\tclass=\"so-widget-sow-image so-widget-sow-image-default-8b5b6f678277-595\"\n\t\t\t\n\t\t>\n<div class=\"sow-image-container\">\n\t\t<img \n\tsrc=\"https:\/\/smdpi.com\/proyectos\/wp-content\/uploads\/2025\/03\/cat-vir-480x300.jpg\" width=\"480\" height=\"300\" srcset=\"https:\/\/smdpi.com\/proyectos\/wp-content\/uploads\/2025\/03\/cat-vir-480x300.jpg 480w, https:\/\/smdpi.com\/proyectos\/wp-content\/uploads\/2025\/03\/cat-vir-300x188.jpg 300w, https:\/\/smdpi.com\/proyectos\/wp-content\/uploads\/2025\/03\/cat-vir-768x480.jpg 768w, https:\/\/smdpi.com\/proyectos\/wp-content\/uploads\/2025\/03\/cat-vir-640x400.jpg 640w, https:\/\/smdpi.com\/proyectos\/wp-content\/uploads\/2025\/03\/cat-vir.jpg 960w\" sizes=\"(max-width: 480px) 100vw, 480px\" alt=\"\" \t\tclass=\"so-widget-image\"\/>\n\t<\/div>\n\n<\/div><\/div><\/div><div id=\"pgc-595-5-1\"  class=\"panel-grid-cell\" ><div id=\"panel-595-5-1-0\" class=\"so-panel widget widget_sow-editor panel-first-child panel-last-child\" data-index=\"9\" ><div\n\t\t\t\n\t\t\tclass=\"so-widget-sow-editor so-widget-sow-editor-base\"\n\t\t\t\n\t\t>\n<div class=\"siteorigin-widget-tinymce textwidget\">\n\t<h1>Sitios web Tienda online<\/h1>\n<p>Donde los compradores compran productos directamente al propietario de una web.<\/p>\n<\/div>\n<\/div><\/div><\/div><\/div><\/div><div id=\"pg-595-6\"  class=\"panel-grid panel-has-style\" ><div class=\"panel-row-style panel-row-style-for-595-6\" ><div id=\"pgc-595-6-0\"  class=\"panel-grid-cell\" ><div id=\"panel-595-6-0-0\" class=\"so-panel widget widget_sow-editor panel-first-child panel-last-child\" data-index=\"10\" ><div\n\t\t\t\n\t\t\tclass=\"so-widget-sow-editor so-widget-sow-editor-base\"\n\t\t\t\n\t\t>\n<div class=\"siteorigin-widget-tinymce textwidget\">\n\t<h1>Sitios web Landing pages<\/h1>\n<p>E<span data-huuid=\"829608359274004180\">nfocado a los intereses de visitantes, par<\/span><span class=\"hs_cos_wrapper hs_cos_wrapper_meta_field hs_cos_wrapper_type_rich_text\" data-hs-cos-general-type=\"meta_field\" data-hs-cos-type=\"rich_text\">a <\/span><span data-huuid=\"829608359274004358\">centrar un objetivo espec\u00edfico o una <\/span><span data-huuid=\"829608359274001568\">llamada a la acci\u00f3n clara.<\/span><\/p>\n<\/div>\n<\/div><\/div><\/div><div id=\"pgc-595-6-1\"  class=\"panel-grid-cell\" ><div id=\"panel-595-6-1-0\" class=\"so-panel widget widget_sow-image panel-first-child panel-last-child\" data-index=\"11\" ><div\n\t\t\t\n\t\t\tclass=\"so-widget-sow-image so-widget-sow-image-default-8b5b6f678277-595\"\n\t\t\t\n\t\t>\n<div class=\"sow-image-container\">\n\t\t<img \n\tsrc=\"https:\/\/smdpi.com\/proyectos\/wp-content\/uploads\/2025\/03\/lp-480x300.jpg\" width=\"480\" height=\"300\" sizes=\"(max-width: 480px) 100vw, 480px\" alt=\"\" \t\tclass=\"so-widget-image\"\/>\n\t<\/div>\n\n<\/div><\/div><\/div><\/div><\/div><div id=\"pg-595-7\"  class=\"panel-grid panel-has-style\" ><div class=\"panel-row-style panel-row-style-for-595-7\" ><div id=\"pgc-595-7-0\"  class=\"panel-grid-cell\" ><div id=\"panel-595-7-0-0\" class=\"so-panel widget widget_sow-image panel-first-child panel-last-child\" data-index=\"12\" ><div\n\t\t\t\n\t\t\tclass=\"so-widget-sow-image so-widget-sow-image-default-8b5b6f678277-595\"\n\t\t\t\n\t\t>\n<div class=\"sow-image-container\">\n\t\t<img \n\tsrc=\"https:\/\/smdpi.com\/proyectos\/wp-content\/uploads\/2025\/03\/blogs-480x300.jpg\" width=\"480\" height=\"300\" srcset=\"https:\/\/smdpi.com\/proyectos\/wp-content\/uploads\/2025\/03\/blogs-480x300.jpg 480w, https:\/\/smdpi.com\/proyectos\/wp-content\/uploads\/2025\/03\/blogs-300x188.jpg 300w, https:\/\/smdpi.com\/proyectos\/wp-content\/uploads\/2025\/03\/blogs-768x480.jpg 768w, https:\/\/smdpi.com\/proyectos\/wp-content\/uploads\/2025\/03\/blogs-640x400.jpg 640w, https:\/\/smdpi.com\/proyectos\/wp-content\/uploads\/2025\/03\/blogs.jpg 960w\" sizes=\"(max-width: 480px) 100vw, 480px\" alt=\"\" \t\tclass=\"so-widget-image\"\/>\n\t<\/div>\n\n<\/div><\/div><\/div><div id=\"pgc-595-7-1\"  class=\"panel-grid-cell\" ><div id=\"panel-595-7-1-0\" class=\"so-panel widget widget_sow-editor panel-first-child panel-last-child\" data-index=\"13\" ><div\n\t\t\t\n\t\t\tclass=\"so-widget-sow-editor so-widget-sow-editor-base\"\n\t\t\t\n\t\t>\n<div class=\"siteorigin-widget-tinymce textwidget\">\n\t<h1>Sitios web Blog\u200b<\/h1>\n<p>Donde se publican regularmente art\u00edculos cortos con contenido actualizado y novedoso sobre temas espec\u00edficos o libres.<\/p>\n<\/div>\n<\/div><\/div><\/div><\/div><\/div><div id=\"pg-595-8\"  class=\"panel-grid panel-has-style\" ><div class=\"panel-row-style panel-row-style-for-595-8\" ><div id=\"pgc-595-8-0\"  class=\"panel-grid-cell\" ><div id=\"panel-595-8-0-0\" class=\"so-panel widget widget_sow-editor panel-first-child panel-last-child\" data-index=\"14\" ><div\n\t\t\t\n\t\t\tclass=\"so-widget-sow-editor so-widget-sow-editor-base\"\n\t\t\t\n\t\t>\n<div class=\"siteorigin-widget-tinymce textwidget\">\n\t<h1>Minisitios<\/h1>\n<p>Orientado a brindar informaci\u00f3n de objetivos de marketing espec\u00edficos de forma mas ligera o de carga r\u00e1pida.<\/p>\n<\/div>\n<\/div><\/div><\/div><div id=\"pgc-595-8-1\"  class=\"panel-grid-cell\" ><div id=\"panel-595-8-1-0\" class=\"so-panel widget widget_sow-image panel-first-child panel-last-child\" data-index=\"15\" ><div\n\t\t\t\n\t\t\tclass=\"so-widget-sow-image so-widget-sow-image-default-8b5b6f678277-595\"\n\t\t\t\n\t\t>\n<div class=\"sow-image-container\">\n\t\t<img \n\tsrc=\"https:\/\/smdpi.com\/proyectos\/wp-content\/uploads\/2024\/11\/html-01-450x300.jpg\" width=\"450\" height=\"300\" sizes=\"(max-width: 450px) 100vw, 450px\" alt=\"\" \t\tclass=\"so-widget-image\"\/>\n\t<\/div>\n\n<\/div><\/div><\/div><\/div><\/div><div id=\"pg-595-9\"  class=\"panel-grid panel-has-style panel-has-overlay\" ><div class=\"siteorigin-panels-stretch panel-row-style panel-row-style-for-595-9\" data-stretch-type=\"full\" >\t\t\t\t<div\n\t\t\t\t\tclass=\"panel-background-overlay\"\n\t\t\t\t\t\t\t\t\t\t\tstyle=\"background-image:url(https:\/\/smdpi.com\/proyectos\/wp-content\/uploads\/2023\/12\/desarrollo-website.jpg);background-position:center center;background-size:cover;opacity:0.16;\"\n\t\t\t\t\t\t\t\t\t>\n\t\t\t\t\t\t\t\t\t<\/div>\n\t\t\t\t<div id=\"pgc-595-9-0\"  class=\"panel-grid-cell\" ><div id=\"panel-595-9-0-0\" class=\"so-panel widget widget_sow-editor panel-first-child panel-last-child\" data-index=\"16\" ><div\n\t\t\t\n\t\t\tclass=\"so-widget-sow-editor so-widget-sow-editor-base\"\n\t\t\t\n\t\t>\n<div class=\"siteorigin-widget-tinymce textwidget\">\n\t<h1 style=\"text-align: center;\">Mayor atractivo, mejor usabilidad, mayor credibilidad, mejor experiencia del usuario, mejor posicionamiento en los motores de b\u00fasqueda.<\/h1>\n<\/div>\n<\/div><\/div><\/div><\/div><\/div><div id=\"pg-595-10\"  class=\"panel-grid panel-has-style\" ><div class=\"siteorigin-panels-stretch panel-row-style panel-row-style-for-595-10\" data-stretch-type=\"full\" ><div id=\"pgc-595-10-0\"  class=\"panel-grid-cell\" ><div id=\"panel-595-10-0-0\" class=\"so-panel widget widget_sow-editor panel-first-child panel-last-child\" data-index=\"17\" ><div\n\t\t\t\n\t\t\tclass=\"so-widget-sow-editor so-widget-sow-editor-base\"\n\t\t\t\n\t\t>\n<div class=\"siteorigin-widget-tinymce textwidget\">\n\t<h1 style=\"text-align: center;\">Contamos con servicios de infraestructura exclusivos de alta disponibilidad.<\/h1>\n<\/div>\n<\/div><\/div><\/div><\/div><\/div><div id=\"pg-595-11\"  class=\"panel-grid panel-has-style\" ><div class=\"panel-row-style panel-row-style-for-595-11\" ><div id=\"pgc-595-11-0\"  class=\"panel-grid-cell\" ><div id=\"panel-595-11-0-0\" class=\"so-panel widget widget_sow-image panel-first-child panel-last-child\" data-index=\"18\" ><div\n\t\t\t\n\t\t\tclass=\"so-widget-sow-image so-widget-sow-image-default-8b5b6f678277-595\"\n\t\t\t\n\t\t>\n<div class=\"sow-image-container\">\n\t\t<img \n\tsrc=\"https:\/\/smdpi.com\/proyectos\/wp-content\/uploads\/2023\/07\/dominio-400x300.jpg\" width=\"400\" height=\"300\" sizes=\"(max-width: 400px) 100vw, 400px\" alt=\"\" \t\tclass=\"so-widget-image\"\/>\n\t<\/div>\n\n<\/div><\/div><\/div><div id=\"pgc-595-11-1\"  class=\"panel-grid-cell\" ><div id=\"panel-595-11-1-0\" class=\"so-panel widget widget_sow-editor panel-first-child panel-last-child\" data-index=\"19\" ><div\n\t\t\t\n\t\t\tclass=\"so-widget-sow-editor so-widget-sow-editor-base\"\n\t\t\t\n\t\t>\n<div class=\"siteorigin-widget-tinymce textwidget\">\n\t<h1>Nombre de dominio<\/h1>\n<p>Registro exclusivo de nombre dominio<br \/>\n(.COM, .NET, .ORG).<\/p>\n<\/div>\n<\/div><\/div><\/div><\/div><\/div><div id=\"pg-595-12\"  class=\"panel-grid panel-has-style\" ><div class=\"panel-row-style panel-row-style-for-595-12\" ><div id=\"pgc-595-12-0\"  class=\"panel-grid-cell\" ><div id=\"panel-595-12-0-0\" class=\"so-panel widget widget_sow-editor panel-first-child panel-last-child\" data-index=\"20\" ><div\n\t\t\t\n\t\t\tclass=\"so-widget-sow-editor so-widget-sow-editor-base\"\n\t\t\t\n\t\t>\n<div class=\"siteorigin-widget-tinymce textwidget\">\n\t<h1>Alojamiento virtual<\/h1>\n<p class=\"kh_title-h6\">Alojamiento virtual exclusivo, flexible, a medida, asequible y ultra r\u00e1pido, con tecnolog\u00edas para un rendimiento y fiabilidad \u00f3ptimos:<\/p>\n<ul>\n<li>M\u00faltiples dominios.<\/li>\n<li>Bases de datos.<\/li>\n<li>Correos electr\u00f3nicos.<\/li>\n<li>Certificado SSL gratuito.<\/li>\n<li>Ancho de banda ilimitado.<\/li>\n<\/ul>\n<\/div>\n<\/div><\/div><\/div><div id=\"pgc-595-12-1\"  class=\"panel-grid-cell\" ><div id=\"panel-595-12-1-0\" class=\"so-panel widget widget_sow-image panel-first-child panel-last-child\" data-index=\"21\" ><div\n\t\t\t\n\t\t\tclass=\"so-widget-sow-image so-widget-sow-image-default-8b5b6f678277-595\"\n\t\t\t\n\t\t>\n<div class=\"sow-image-container\">\n\t\t<img \n\tsrc=\"https:\/\/smdpi.com\/proyectos\/wp-content\/uploads\/2023\/07\/alojamiento-480x300.jpg\" width=\"480\" height=\"300\" srcset=\"https:\/\/smdpi.com\/proyectos\/wp-content\/uploads\/2023\/07\/alojamiento-480x300.jpg 480w, https:\/\/smdpi.com\/proyectos\/wp-content\/uploads\/2023\/07\/alojamiento-640x400.jpg 640w\" sizes=\"(max-width: 480px) 100vw, 480px\" alt=\"\" \t\tclass=\"so-widget-image\"\/>\n\t<\/div>\n\n<\/div><\/div><\/div><\/div><\/div><div id=\"pg-595-13\"  class=\"panel-grid panel-has-style\" ><div class=\"siteorigin-panels-stretch panel-row-style panel-row-style-for-595-13\" data-stretch-type=\"full\" ><div id=\"pgc-595-13-0\"  class=\"panel-grid-cell\" ><div id=\"panel-595-13-0-0\" class=\"so-panel widget widget_sow-editor panel-first-child panel-last-child\" data-index=\"22\" ><div\n\t\t\t\n\t\t\tclass=\"so-widget-sow-editor so-widget-sow-editor-base\"\n\t\t\t\n\t\t>\n<div class=\"siteorigin-widget-tinymce textwidget\">\n\t<h1 style=\"text-align: center;\">Servidores f\u00edsicos dise\u00f1ados para operar ininterrumpidamente.<\/h1>\n<\/div>\n<\/div><\/div><\/div><\/div><\/div><div id=\"pg-595-14\"  class=\"panel-grid panel-has-style\" ><div class=\"siteorigin-panels-stretch panel-row-style panel-row-style-for-595-14\" data-stretch-type=\"full\" ><div id=\"pgc-595-14-0\"  class=\"panel-grid-cell\" ><div id=\"panel-595-14-0-0\" class=\"so-panel widget widget_sow-cta panel-first-child panel-last-child\" data-index=\"23\" ><div\n\t\t\t\n\t\t\tclass=\"so-widget-sow-cta so-widget-sow-cta-default-8c41a329fcb8-595\"\n\t\t\t\n\t\t><div\n\tclass=\"sow-cta-base\"\n\t>\n\t\n\t<div class=\"sow-cta-wrapper\">\n\n\t\t<div class=\"sow-cta-text\">\n\t\t\t\t\t\t\t<h1 class=\"sow-cta-title\">\n\t\t\t\t\t \u00bfQu\u00e9 tipo de p\u00e1gina web necesitas?\t\t\t\t<\/h1>\n\t\t\t\n\t\t\t\t\t<\/div>\n\n\t\t<div\n\t\t\t\n\t\t\tclass=\"so-widget-sow-button so-widget-sow-button-flat-d1066b42d0d3\"\n\t\t\t\n\t\t><div class=\"ow-button-base ow-button-align-center\"\n>\n\t\t\t<a\n\t\t\t\t\thref=\"https:\/\/smdpi.com\/proyectos\/contactenos\/\"\n\t\t\t\t\tclass=\"sowb-button ow-icon-placement-left ow-button-hover\" \t>\n\t\t<span>\n\t\t\t\n\t\t\tCont\u00e1ctanos\t\t<\/span>\n\t\t\t<\/a>\n\t<\/div>\n<\/div>\n\t<\/div>\n\n\t<\/div>\n<\/div><\/div><\/div><\/div><\/div><\/div>","protected":false},"excerpt":{"rendered":"<p>Promocione productos y servicios, facilite la comunicaci\u00f3n con clientes y construya una marca s\u00f3lida.<\/p>\n","protected":false},"author":1,"featured_media":0,"parent":0,"menu_order":0,"comment_status":"closed","ping_status":"closed","template":"","meta":{"footnotes":""},"class_list":["post-595","page","type-page","status-publish","hentry"],"_links":{"self":[{"href":"https:\/\/smdpi.com\/proyectos\/wp-json\/wp\/v2\/pages\/595","targetHints":{"allow":["GET"]}}],"collection":[{"href":"https:\/\/smdpi.com\/proyectos\/wp-json\/wp\/v2\/pages"}],"about":[{"href":"https:\/\/smdpi.com\/proyectos\/wp-json\/wp\/v2\/types\/page"}],"author":[{"embeddable":true,"href":"https:\/\/smdpi.com\/proyectos\/wp-json\/wp\/v2\/users\/1"}],"replies":[{"embeddable":true,"href":"https:\/\/smdpi.com\/proyectos\/wp-json\/wp\/v2\/comments?post=595"}],"version-history":[{"count":3,"href":"https:\/\/smdpi.com\/proyectos\/wp-json\/wp\/v2\/pages\/595\/revisions"}],"predecessor-version":[{"id":3858,"href":"https:\/\/smdpi.com\/proyectos\/wp-json\/wp\/v2\/pages\/595\/revisions\/3858"}],"wp:attachment":[{"href":"https:\/\/smdpi.com\/proyectos\/wp-json\/wp\/v2\/media?parent=595"}],"curies":[{"name":"wp","href":"https:\/\/api.w.org\/{rel}","templated":true}]}}